{"id":4177,"date":"2019-01-20T08:40:12","date_gmt":"2019-01-20T06:40:12","guid":{"rendered":"https:\/\/tohu-group.com\/cas\/"},"modified":"2024-04-28T15:47:01","modified_gmt":"2024-04-28T13:47:01","slug":"clients","status":"publish","type":"page","link":"https:\/\/tohu-group.com\/fr\/clients\/","title":{"rendered":"Clients"},"content":{"rendered":"\t\t<div data-elementor-type=\"wp-page\" data-elementor-id=\"4177\" class=\"elementor elementor-4177 elementor-3095\">\n\t\t\t\t\t\t<div class=\"elementor-inner\">\n\t\t\t\t<div class=\"elementor-section-wrap\">\n\t\t\t\t\t\t\t\t\t<section class=\"elementor-section elementor-top-section elementor-element elementor-element-1b4b8070 elementor-section-full_width elementor-section-height-default elementor-section-height-default\" data-id=\"1b4b8070\" data-element_type=\"section\" data-settings=\"{&quot;background_background&quot;:&quot;classic&quot;}\">\n\t\t\t\t\t\t<div class=\"elementor-container elementor-column-gap-thegem\">\n\t\t\t\t\t\t\t<div class=\"elementor-row\">\n\t\t\t\t\t<div class=\"elementor-column elementor-col-100 elementor-top-column elementor-element elementor-element-336b622d\" data-id=\"336b622d\" data-element_type=\"column\">\n\t\t\t<div class=\"elementor-column-wrap elementor-element-populated\">\n\t\t\t\t\t\t\t<div class=\"elementor-widget-wrap\">\n\t\t\t\t\t\t<div class=\"elementor-element elementor-element-431706f flex-horizontal-align-default flex-horizontal-align-tablet-default flex-horizontal-align-mobile-default flex-vertical-align-default flex-vertical-align-tablet-default flex-vertical-align-mobile-default elementor-invisible elementor-widget elementor-widget-heading\" data-id=\"431706f\" data-element_type=\"widget\" data-settings=\"{&quot;_animation&quot;:&quot;fadeInUp&quot;}\" data-widget_type=\"heading.default\">\n\t\t\t\t<div class=\"elementor-widget-container\">\n\t\t\t<style>\/*! elementor - v3.18.0 - 20-12-2023 *\/\n.elementor-heading-title{padding:0;margin:0;line-height:1}.elementor-widget-heading .elementor-heading-title[class*=elementor-size-]>a{color:inherit;font-size:inherit;line-height:inherit}.elementor-widget-heading .elementor-heading-title.elementor-size-small{font-size:15px}.elementor-widget-heading .elementor-heading-title.elementor-size-medium{font-size:19px}.elementor-widget-heading .elementor-heading-title.elementor-size-large{font-size:29px}.elementor-widget-heading .elementor-heading-title.elementor-size-xl{font-size:39px}.elementor-widget-heading .elementor-heading-title.elementor-size-xxl{font-size:59px}<\/style><div class=\"title-h1 elementor-heading-title elementor-size-default\">VOICI QUELQUES MARQUES QU'ON AIDE \u00c0 VENDRE<\/div>\t\t<\/div>\n\t\t\t\t<\/div>\n\t\t\t\t<div class=\"elementor-element elementor-element-41d2207 flex-horizontal-align-default flex-horizontal-align-tablet-default flex-horizontal-align-mobile-default flex-vertical-align-default flex-vertical-align-tablet-default flex-vertical-align-mobile-default elementor-invisible elementor-widget elementor-widget-heading\" data-id=\"41d2207\" data-element_type=\"widget\" data-settings=\"{&quot;_animation&quot;:&quot;fadeInUp&quot;}\" data-widget_type=\"heading.default\">\n\t\t\t\t<div class=\"elementor-widget-container\">\n\t\t\t<div class=\"title-h1 elementor-heading-title elementor-size-default\">AVEC SUCC\u00c8S SUR LES MARKETPLACES !<\/div>\t\t<\/div>\n\t\t\t\t<\/div>\n\t\t\t\t<div class=\"elementor-element elementor-element-bbaa343 elementor-widget-divider--view-line flex-horizontal-align-default flex-horizontal-align-tablet-default flex-horizontal-align-mobile-default flex-vertical-align-default flex-vertical-align-tablet-default flex-vertical-align-mobile-default elementor-widget elementor-widget-divider\" data-id=\"bbaa343\" data-element_type=\"widget\" data-widget_type=\"divider.default\">\n\t\t\t\t<div class=\"elementor-widget-container\">\n\t\t\t<style>\/*! elementor - v3.18.0 - 20-12-2023 *\/\n.elementor-widget-divider{--divider-border-style:none;--divider-border-width:1px;--divider-color:#0c0d0e;--divider-icon-size:20px;--divider-element-spacing:10px;--divider-pattern-height:24px;--divider-pattern-size:20px;--divider-pattern-url:none;--divider-pattern-repeat:repeat-x}.elementor-widget-divider .elementor-divider{display:flex}.elementor-widget-divider .elementor-divider__text{font-size:15px;line-height:1;max-width:95%}.elementor-widget-divider .elementor-divider__element{margin:0 var(--divider-element-spacing);flex-shrink:0}.elementor-widget-divider .elementor-icon{font-size:var(--divider-icon-size)}.elementor-widget-divider .elementor-divider-separator{display:flex;margin:0;direction:ltr}.elementor-widget-divider--view-line_icon .elementor-divider-separator,.elementor-widget-divider--view-line_text .elementor-divider-separator{align-items:center}.elementor-widget-divider--view-line_icon .elementor-divider-separator:after,.elementor-widget-divider--view-line_icon .elementor-divider-separator:before,.elementor-widget-divider--view-line_text .elementor-divider-separator:after,.elementor-widget-divider--view-line_text .elementor-divider-separator:before{display:block;content:\"\";border-bottom:0;flex-grow:1;border-top:var(--divider-border-width) var(--divider-border-style) var(--divider-color)}.elementor-widget-divider--element-align-left .elementor-divider .elementor-divider-separator>.elementor-divider__svg:first-of-type{flex-grow:0;flex-shrink:100}.elementor-widget-divider--element-align-left .elementor-divider-separator:before{content:none}.elementor-widget-divider--element-align-left .elementor-divider__element{margin-left:0}.elementor-widget-divider--element-align-right .elementor-divider .elementor-divider-separator>.elementor-divider__svg:last-of-type{flex-grow:0;flex-shrink:100}.elementor-widget-divider--element-align-right .elementor-divider-separator:after{content:none}.elementor-widget-divider--element-align-right .elementor-divider__element{margin-right:0}.elementor-widget-divider:not(.elementor-widget-divider--view-line_text):not(.elementor-widget-divider--view-line_icon) .elementor-divider-separator{border-top:var(--divider-border-width) var(--divider-border-style) var(--divider-color)}.elementor-widget-divider--separator-type-pattern{--divider-border-style:none}.elementor-widget-divider--separator-type-pattern.elementor-widget-divider--view-line .elementor-divider-separator,.elementor-widget-divider--separator-type-pattern:not(.elementor-widget-divider--view-line) .elementor-divider-separator:after,.elementor-widget-divider--separator-type-pattern:not(.elementor-widget-divider--view-line) .elementor-divider-separator:before,.elementor-widget-divider--separator-type-pattern:not([class*=elementor-widget-divider--view]) .elementor-divider-separator{width:100%;min-height:var(--divider-pattern-height);-webkit-mask-size:var(--divider-pattern-size) 100%;mask-size:var(--divider-pattern-size) 100%;-webkit-mask-repeat:var(--divider-pattern-repeat);mask-repeat:var(--divider-pattern-repeat);background-color:var(--divider-color);-webkit-mask-image:var(--divider-pattern-url);mask-image:var(--divider-pattern-url)}.elementor-widget-divider--no-spacing{--divider-pattern-size:auto}.elementor-widget-divider--bg-round{--divider-pattern-repeat:round}.rtl .elementor-widget-divider .elementor-divider__text{direction:rtl}.e-con-inner>.elementor-widget-divider,.e-con>.elementor-widget-divider{width:var(--container-widget-width,100%);--flex-grow:var(--container-widget-flex-grow)}<\/style>\t\t<div class=\"elementor-divider\">\n\t\t\t<span class=\"elementor-divider-separator\">\n\t\t\t\t\t\t<\/span>\n\t\t<\/div>\n\t\t\t\t<\/div>\n\t\t\t\t<\/div>\n\t\t\t\t\t\t<\/div>\n\t\t\t\t\t<\/div>\n\t\t<\/div>\n\t\t\t\t\t\t\t\t<\/div>\n\t\t\t\t\t<\/div>\n\t\t<\/section>\n\t\t<div class=\"elementor-element elementor-element-4bf7c15 e-flex e-con-boxed e-con e-parent\" data-id=\"4bf7c15\" data-element_type=\"container\" data-settings=\"{&quot;background_background&quot;:&quot;classic&quot;,&quot;content_width&quot;:&quot;boxed&quot;}\" data-core-v316-plus=\"true\">\n\t\t\t\t\t<div class=\"e-con-inner\">\n\t\t\t\t<div class=\"elementor-element elementor-element-ae62a5e flex-horizontal-align-default flex-horizontal-align-tablet-default flex-horizontal-align-mobile-default flex-vertical-align-default flex-vertical-align-tablet-default flex-vertical-align-mobile-default elementor-widget elementor-widget-thegem-gallery-grid\" data-id=\"ae62a5e\" data-element_type=\"widget\" data-settings=\"{&quot;columns_desktop&quot;:&quot;100%&quot;,&quot;thegem_elementor_preset&quot;:&quot;default&quot;,&quot;columns_tablet&quot;:&quot;2x&quot;,&quot;columns_mobile&quot;:&quot;1x&quot;,&quot;title_show&quot;:&quot;yes&quot;,&quot;description_show&quot;:&quot;yes&quot;,&quot;ajax_preloader_type&quot;:&quot;default&quot;}\" data-widget_type=\"thegem-gallery-grid.default\">\n\t\t\t\t<div class=\"elementor-widget-container\">\n\t\t\t<div class=\"preloader save-space\"><div class=\"preloader-spin\"><\/div><\/div> <div class=\"gallery-preloader-wrapper\"> <div class=\"row\"> <div class=\"gem-gallery-grid gallery-style-masonry hover-default gaps-margin gallery-items-masonry columns-tablet-2 columns-mobile-1 fullwidth-columns fullwidth-columns-4 \" data-uid=\"ae62a5e\" data-hover=\"default\" data-filter=\"[]\"> <div class=\"portfolio fullwidth-block \"> <ul class=\"gallery-set clearfix\" data-max-row-height=\"\"> <li class=\"gallery-item gallery-0 col-xs-12 col-sm-6 col-md-3 single-icon post-4177 page type-page status-publish\" style=\"padding: calc(16px\/2); \"> <div class=\"wrap gem-wrapbox gem-wrapbox-style-default\"> <div class=\"overlay-wrap\"> <div class=\"image-wrap \"> <picture> <source srcset=\"https:\/\/tohu-group.com\/wp-content\/uploads\/2023\/11\/TOHU-Kamiel.png 2x\" media=\"(max-width: 550px)\" sizes=\"100vw\"> <source srcset=\"https:\/\/tohu-group.com\/wp-content\/uploads\/2023\/11\/TOHU-Kamiel.png 2x\" media=\"(min-width: 1280px) and (max-width: 1495px)\" sizes=\"100vw\"> <source srcset=\"https:\/\/tohu-group.com\/wp-content\/uploads\/2023\/11\/TOHU-Kamiel-thegem-portfolio-masonry-fullwidth-4x.png 1x, https:\/\/tohu-group.com\/wp-content\/uploads\/2023\/11\/TOHU-Kamiel.png 2x\" media=\"(max-width: 1920px)\" sizes=\"100vw\"> <img fetchpriority=\"high\" decoding=\"async\" src=\"https:\/\/tohu-group.com\/wp-content\/uploads\/2023\/11\/TOHU-Kamiel-thegem-portfolio-masonry.png\" width=\"754\" height=\"754\" class=\"attachment-thegem-portfolio-masonry\" alt=\"TOHU-Kamiel\" \/> <\/picture> <\/div> <div class=\"overlay \"> <div class=\"overlay-circle\"><\/div> <a href=\"https:\/\/tohu-group.com\/wp-content\/uploads\/2023\/11\/TOHU-Kamiel.png\" class=\"gallery-item-link fancy-gallery\" data-fancybox=\"gallery-69f77b081e041\"> <span class=\"slide-info\"> <span class=\"slide-info-title\"> Kamiel <\/span> <\/span> <\/a> <div class=\"overlay-content\"> <div class=\"overlay-content-center\"> <div class=\"overlay-content-inner\"> <div class=\"title\"> Kamiel <\/div> <\/div> <\/div> <\/div> <\/div> <\/div> <\/div> <\/li> <li class=\"gallery-item gallery-0 col-xs-12 col-sm-6 col-md-3 single-icon post-4177 page type-page status-publish\" style=\"padding: calc(16px\/2); \"> <div class=\"wrap gem-wrapbox gem-wrapbox-style-default\"> <div class=\"overlay-wrap\"> <div class=\"image-wrap \"> <picture> <source srcset=\"https:\/\/tohu-group.com\/wp-content\/uploads\/2023\/11\/TOHU-Rabeko-Zero.png 2x\" media=\"(max-width: 550px)\" sizes=\"100vw\"> <source srcset=\"https:\/\/tohu-group.com\/wp-content\/uploads\/2023\/11\/TOHU-Rabeko-Zero.png 2x\" media=\"(min-width: 1280px) and (max-width: 1495px)\" sizes=\"100vw\"> <source srcset=\"https:\/\/tohu-group.com\/wp-content\/uploads\/2023\/11\/TOHU-Rabeko-Zero-thegem-portfolio-masonry-fullwidth-4x.png 1x, https:\/\/tohu-group.com\/wp-content\/uploads\/2023\/11\/TOHU-Rabeko-Zero.png 2x\" media=\"(max-width: 1920px)\" sizes=\"100vw\"> <img decoding=\"async\" src=\"https:\/\/tohu-group.com\/wp-content\/uploads\/2023\/11\/TOHU-Rabeko-Zero-thegem-portfolio-masonry.png\" width=\"754\" height=\"754\" class=\"attachment-thegem-portfolio-masonry\" alt=\"TOHU-Rabeko-Zero\" \/> <\/picture> <\/div> <div class=\"overlay \"> <div class=\"overlay-circle\"><\/div> <a href=\"https:\/\/tohu-group.com\/wp-content\/uploads\/2023\/11\/TOHU-Rabeko-Zero.png\" class=\"gallery-item-link fancy-gallery\" data-fancybox=\"gallery-69f77b081e041\"> <span class=\"slide-info\"> <span class=\"slide-info-title\"> Rabeko <\/span> <\/span> <\/a> <div class=\"overlay-content\"> <div class=\"overlay-content-center\"> <div class=\"overlay-content-inner\"> <div class=\"title\"> Rabeko <\/div> <\/div> <\/div> <\/div> <\/div> <\/div> <\/div> <\/li> <li class=\"gallery-item gallery-0 col-xs-12 col-sm-6 col-md-3 single-icon post-4177 page type-page status-publish\" style=\"padding: calc(16px\/2); \"> <div class=\"wrap gem-wrapbox gem-wrapbox-style-default\"> <div class=\"overlay-wrap\"> <div class=\"image-wrap \"> <picture> <source srcset=\"https:\/\/tohu-group.com\/wp-content\/uploads\/2023\/11\/TOHU-X-OATS.png 2x\" media=\"(max-width: 550px)\" sizes=\"100vw\"> <source srcset=\"https:\/\/tohu-group.com\/wp-content\/uploads\/2023\/11\/TOHU-X-OATS.png 2x\" media=\"(min-width: 1280px) and (max-width: 1495px)\" sizes=\"100vw\"> <source srcset=\"https:\/\/tohu-group.com\/wp-content\/uploads\/2023\/11\/TOHU-X-OATS-thegem-portfolio-masonry-fullwidth-4x.png 1x, https:\/\/tohu-group.com\/wp-content\/uploads\/2023\/11\/TOHU-X-OATS.png 2x\" media=\"(max-width: 1920px)\" sizes=\"100vw\"> <img decoding=\"async\" src=\"https:\/\/tohu-group.com\/wp-content\/uploads\/2023\/11\/TOHU-X-OATS-thegem-portfolio-masonry.png\" width=\"754\" height=\"754\" class=\"attachment-thegem-portfolio-masonry\" alt=\"TOHU-X-OATS\" \/> <\/picture> <\/div> <div class=\"overlay \"> <div class=\"overlay-circle\"><\/div> <a href=\"https:\/\/tohu-group.com\/wp-content\/uploads\/2023\/11\/TOHU-X-OATS.png\" class=\"gallery-item-link fancy-gallery\" data-fancybox=\"gallery-69f77b081e041\"> <span class=\"slide-info\"> <span class=\"slide-info-title\"> X-Oats <\/span> <\/span> <\/a> <div class=\"overlay-content\"> <div class=\"overlay-content-center\"> <div class=\"overlay-content-inner\"> <div class=\"title\"> X-Oats <\/div> <\/div> <\/div> <\/div> <\/div> <\/div> <\/div> <\/li> <\/ul> <div class=\"portfolio-item-size-container\"> <li class=\"gallery-item size-item col-xs-12 col-sm-6 col-md-3 post-4177 page type-page status-publish\" style=\"padding: calc(16px\/2); \"> <\/li> <\/div> <\/div> <\/div> <\/div> <\/div>\t\t<\/div>\n\t\t\t\t<\/div>\n\t\t\t\t\t<\/div>\n\t\t\t\t<\/div>\n\t\t\t\t<section class=\"elementor-section elementor-top-section elementor-element elementor-element-144ab75f elementor-section-boxed elementor-section-height-default elementor-section-height-default\" data-id=\"144ab75f\" data-element_type=\"section\" data-settings=\"{&quot;background_background&quot;:&quot;classic&quot;}\">\n\t\t\t\t\t\t\t<div class=\"elementor-background-overlay\"><\/div>\n\t\t\t\t\t\t\t<div class=\"elementor-container elementor-column-gap-thegem\">\n\t\t\t\t\t\t\t<div class=\"elementor-row\">\n\t\t\t\t\t<div class=\"elementor-column elementor-col-50 elementor-top-column elementor-element elementor-element-34e2005f\" data-id=\"34e2005f\" data-element_type=\"column\">\n\t\t\t<div class=\"elementor-column-wrap elementor-element-populated\">\n\t\t\t\t\t\t\t<div class=\"elementor-widget-wrap\">\n\t\t\t\t\t\t<div class=\"elementor-element elementor-element-720f1da5 flex-horizontal-align-default flex-horizontal-align-tablet-default flex-horizontal-align-mobile-default flex-vertical-align-default flex-vertical-align-tablet-default flex-vertical-align-mobile-default elementor-widget elementor-widget-thegem-icon\" data-id=\"720f1da5\" data-element_type=\"widget\" data-settings=\"{&quot;thegem_elementor_preset&quot;:&quot;hexagon&quot;}\" data-widget_type=\"thegem-icon.default\">\n\t\t\t\t<div class=\"elementor-widget-container\">\n\t\t\t\t\t\t\t<div class=\"centered-box icon-inline-position\">\n\n\t\t\t\t<a >\n\n\t\t\t\t<div class=\"gem-icon gem-icon-pack-fontawesome gem-icon-size-xlarge  gem-icon-shape-hexagon \">\n\n\t\t\t\t\n\t\t\t\t\t<div class=\"gem-icon-shape-hexagon-back\">\n\t\t\t\t\t\t<div class=\"gem-icon-shape-hexagon-back-inner\">\n\t\t\t\t\t\t\t<div class=\"gem-icon-shape-hexagon-back-inner-before\"><\/div>\n\t\t\t\t\t\t<\/div>\n\t\t\t\t\t<\/div>\n\n\t\t\t\t\t<div class=\"gem-icon-shape-hexagon-top\">\n\t\t\t\t\t\t<div class=\"gem-icon-shape-hexagon-top-inner\">\n\t\t\t\t\t\t\t<div class=\"gem-icon-shape-hexagon-top-inner-before\"><\/div>\n\t\t\t\t\t\t<\/div>\n\t\t\t\t\t<\/div>\n\n\t\t\t\t\t\n\t\t\t\t\n\t\t\t\t<div class=\"gem-icon-inner\">\t\t\t\t\n\n\t\t\t\t\n\t\t\t\t\t\t\t\t\t\t\t\n\n\n\t\t\t\t\t\n\t\t\t\t\t<span class=\"gem-icon-half-1\"><span class=\"back-angle\">\n\t\t\t\t\t<i aria-hidden=\"true\" class=\"gem-mdi mdi-arrow-right-bold-circle\"><\/i>\t\t\t\t\t<\/span><\/span>\n\t\t\t\t\t<span class=\"gem-icon-half-2\"><span class=\"back-angle\">\n\t\t\t\t\t<i aria-hidden=\"true\" class=\"gem-mdi mdi-arrow-right-bold-circle\"><\/i>\t\t\t\t\t<\/span><\/span>\t\n\t\t\t\t\n\t\t\t\t<\/div>\t\t\t\t\n\n\t\t\t\t\t\t\t\t\t\n\n\t\t\t\t\t\t\t\t\t\n\n\t\t\t\t<\/div>\n\n\t\t\t\t<\/a>\n\n\t\t\t\t<\/div>\n\t\t\t\t\t<\/div>\n\t\t\t\t<\/div>\n\t\t\t\t\t\t<\/div>\n\t\t\t\t\t<\/div>\n\t\t<\/div>\n\t\t\t\t<div class=\"elementor-column elementor-col-50 elementor-top-column elementor-element elementor-element-7de9373f\" data-id=\"7de9373f\" data-element_type=\"column\">\n\t\t\t<div class=\"elementor-column-wrap elementor-element-populated\">\n\t\t\t\t\t\t\t<div class=\"elementor-widget-wrap\">\n\t\t\t\t\t\t<div class=\"elementor-element elementor-element-4112e7d4 elementor-widget-mobile__width-initial flex-horizontal-align-default flex-horizontal-align-tablet-default flex-horizontal-align-mobile-default flex-vertical-align-default flex-vertical-align-tablet-default flex-vertical-align-mobile-default elementor-widget elementor-widget-heading\" data-id=\"4112e7d4\" data-element_type=\"widget\" data-widget_type=\"heading.default\">\n\t\t\t\t<div class=\"elementor-widget-container\">\n\t\t\t<div class=\"title-h2 elementor-heading-title elementor-size-default\">NEED HELP?\nASK TOHU!<\/div>\t\t<\/div>\n\t\t\t\t<\/div>\n\t\t\t\t<div class=\"elementor-element elementor-element-6f3e5a5d elementor-widget__width-initial elementor-widget-tablet__width-inherit flex-horizontal-align-default flex-horizontal-align-tablet-default flex-horizontal-align-mobile-default flex-vertical-align-default flex-vertical-align-tablet-default flex-vertical-align-mobile-default elementor-widget elementor-widget-text-editor\" data-id=\"6f3e5a5d\" data-element_type=\"widget\" data-widget_type=\"text-editor.default\">\n\t\t\t\t<div class=\"elementor-widget-container\">\n\t\t\t<style>\/*! elementor - v3.18.0 - 20-12-2023 *\/\n.elementor-widget-text-editor.elementor-drop-cap-view-stacked .elementor-drop-cap{background-color:#69727d;color:#fff}.elementor-widget-text-editor.elementor-drop-cap-view-framed .elementor-drop-cap{color:#69727d;border:3px solid;background-color:transparent}.elementor-widget-text-editor:not(.elementor-drop-cap-view-default) .elementor-drop-cap{margin-top:8px}.elementor-widget-text-editor:not(.elementor-drop-cap-view-default) .elementor-drop-cap-letter{width:1em;height:1em}.elementor-widget-text-editor .elementor-drop-cap{float:left;text-align:center;line-height:1;font-size:50px}.elementor-widget-text-editor .elementor-drop-cap-letter{display:inline-block}<\/style>\t\t\t\t\t<div class=\"elementor-text-editor elementor-clearfix\">\n\t\t\t\t<p class=\"styled-subtitle\">Tu souhaites vendre tes produits sur des marketplaces comme Amazon ou Bol.com ? Tu n&rsquo;arrives pas \u00e0 entrer dans le Buy Box ? Tu souhaites obtenir un meilleur ranking et vendre plus ? N&rsquo;h\u00e9site pas \u00e0 nous contacter pour plus d&rsquo;informations ou une discussion sans engagement.<\/p>\n\t\t\t\t\t<\/div>\n\t\t\t\t\t\t<\/div>\n\t\t\t\t<\/div>\n\t\t\t\t<div class=\"elementor-element elementor-element-5a208e4e flex-horizontal-align-default flex-horizontal-align-tablet-default flex-horizontal-align-mobile-default flex-vertical-align-default flex-vertical-align-tablet-default flex-vertical-align-mobile-default elementor-widget elementor-widget-thegem-styledbutton\" data-id=\"5a208e4e\" data-element_type=\"widget\" data-settings=\"{&quot;thegem_button_skin&quot;:&quot;outline&quot;}\" data-widget_type=\"thegem-styledbutton.default\">\n\t\t\t\t<div class=\"elementor-widget-container\">\n\t\t\t\n<div class=\"gem-button-container gem-widget-button\">\n\n\t\t<a class=\"gem-button gem-button-size-medium gem-button-text-weight-bold gem-button-style-outline gem-button-border-3\" href=\"https:\/\/tohu-group.com\/fr\/contact\/\">\n\t\t<span class=\"gem-inner-wrapper-btn\">\n\t\t\t\t\t\t<span class=\"gem-text-button\">\n\t\t\t\tCONTACTEZ-NOUS\t\t\t<\/span>\n\t\t<\/span>\n\t<\/a>\n\n\t\n<\/div>\t\t<\/div>\n\t\t\t\t<\/div>\n\t\t\t\t\t\t<\/div>\n\t\t\t\t\t<\/div>\n\t\t<\/div>\n\t\t\t\t\t\t\t\t<\/div>\n\t\t\t\t\t<\/div>\n\t\t<\/section>\n\t\t\t\t\t\t\t\t\t<\/div>\n\t\t\t<\/div>\n\t\t\t\t\t<\/div>\n\t\t","protected":false},"excerpt":{"rendered":"<p>VOICI QUELQUES MARQUES QU&rsquo;ON AIDE \u00c0 VENDRE AVEC SUCC\u00c8S SUR LES MARKETPLACES ! Kamiel Kamiel Rabeko Rabeko X-Oats X-Oats NEED&#8230;<\/p>\n","protected":false},"author":1,"featured_media":0,"parent":0,"menu_order":0,"comment_status":"closed","ping_status":"closed","template":"page-fullwidth.php","meta":{"_seopress_robots_primary_cat":"","_seopress_titles_title":"%%sitetitle%% %%sep%% Notre expertise","_seopress_titles_desc":"%%sitetitle%% %%sep%% D\u00e9couvrez notre expertise av\u00e9r\u00e9e dans l'accompagnement des marques \u00e0 succ\u00e8s pour prosp\u00e9rer sur les plus grandes places de march\u00e9 du monde, telles qu'Amazon et Bol.com. Apprenez comment nos strat\u00e9gies et solutions ont contribu\u00e9 \u00e0 \u00e9largir les bases de clients et la croissance du chiffre d'affaires. Explorez nos cas inspirants et constatez notre fiert\u00e9 pour les succ\u00e8s de nos clients.","_seopress_robots_index":"","footnotes":""},"class_list":["post-4177","page","type-page","status-publish"],"_links":{"self":[{"href":"https:\/\/tohu-group.com\/fr\/wp-json\/wp\/v2\/pages\/4177","targetHints":{"allow":["GET"]}}],"collection":[{"href":"https:\/\/tohu-group.com\/fr\/wp-json\/wp\/v2\/pages"}],"about":[{"href":"https:\/\/tohu-group.com\/fr\/wp-json\/wp\/v2\/types\/page"}],"author":[{"embeddable":true,"href":"https:\/\/tohu-group.com\/fr\/wp-json\/wp\/v2\/users\/1"}],"replies":[{"embeddable":true,"href":"https:\/\/tohu-group.com\/fr\/wp-json\/wp\/v2\/comments?post=4177"}],"version-history":[{"count":5,"href":"https:\/\/tohu-group.com\/fr\/wp-json\/wp\/v2\/pages\/4177\/revisions"}],"predecessor-version":[{"id":4209,"href":"https:\/\/tohu-group.com\/fr\/wp-json\/wp\/v2\/pages\/4177\/revisions\/4209"}],"wp:attachment":[{"href":"https:\/\/tohu-group.com\/fr\/wp-json\/wp\/v2\/media?parent=4177"}],"curies":[{"name":"wp","href":"https:\/\/api.w.org\/{rel}","templated":true}]}}